{"id":748,"date":"2021-03-11T12:08:50","date_gmt":"2021-03-11T11:08:50","guid":{"rendered":"https:\/\/niji.es\/?page_id=748"},"modified":"2023-06-27T10:20:01","modified_gmt":"2023-06-27T09:20:01","slug":"lost-password","status":"publish","type":"page","link":"https:\/\/niji.es\/ca\/lost-password\/","title":{"rendered":"Lost password"},"content":{"rendered":"<div class=\"fusion-fullwidth fullwidth-box fusion-builder-row-1 fusion-flex-container nonhundred-percent-fullwidth non-hundred-percent-height-scrolling\" style=\"--awb-border-radius-top-left:0px;--awb-border-radius-top-right:0px;--awb-border-radius-bottom-right:0px;--awb-border-radius-bottom-left:0px;--awb-background-color:rgba(255,255,255,0);--awb-flex-wrap:wrap;\" ><div class=\"fusion-builder-row fusion-row fusion-flex-align-items-center fusion-flex-align-content-flex-start fusion-flex-justify-content-center fusion-flex-content-wrap\" style=\"max-width:1064.96px;margin-left: calc(-4% \/ 2 );margin-right: calc(-4% \/ 2 );\"><div class=\"fusion-layout-column fusion_builder_column fusion-builder-column-0 fusion_builder_column_3_4 3_4 fusion-flex-column\" style=\"--awb-bg-color:rgba(255,255,255,0);--awb-bg-color-hover:rgba(255,255,255,0);--awb-bg-size:cover;--awb-width-large:75%;--awb-margin-top-large:100px;--awb-spacing-right-large:2.56%;--awb-margin-bottom-large:20px;--awb-spacing-left-large:2.56%;--awb-width-medium:75%;--awb-order-medium:0;--awb-spacing-right-medium:2.56%;--awb-spacing-left-medium:2.56%;--awb-width-small:100%;--awb-order-small:0;--awb-margin-top-small:60px;--awb-spacing-right-small:1.92%;--awb-spacing-left-small:1.92%;\"><div class=\"fusion-column-wrapper fusion-column-has-shadow fusion-flex-justify-content-flex-start fusion-content-layout-column\"><a class=\"fb-icon-element-1 fb-icon-element fontawesome-icon niji-cross circle-no fusion-text-flow fusion-link popup_close\" style=\"--awb-iconcolor:#99999a;--awb-iconcolor-hover:#99999a;--awb-font-size:32px;--awb-margin-right:16px;\" href=\"https:\/\/niji.es\/ca\" target=\"_self\" aria-label=\"Link to https:\/\/niji.es\/ca\"><\/a><div class=\"fusion-text fusion-text-1\" style=\"--awb-font-size:21px;--awb-letter-spacing:6px;--awb-text-font-family:&quot;PingFang SC&quot;;--awb-text-font-style:normal;--awb-text-font-weight:400;\"><p style=\"text-align: center; margin-bottom: 10px;\">\u30d1\u30b9\u30ef\u30fc\u30c9\u5909\u66f4<\/p>\n<\/div><div class=\"fusion-title title fusion-title-1 fusion-sep-none fusion-title-center fusion-title-text fusion-title-size-two\" style=\"--awb-text-color:#99999a;--awb-margin-top:0px;--awb-margin-top-small:10px;--awb-margin-right-small:0px;--awb-margin-bottom-small:10px;--awb-margin-left-small:0px;--awb-font-size:41px;\"><h2 class=\"fusion-title-heading title-heading-center fusion-responsive-typography-calculated\" style=\"font-family:&quot;Estilo Text Light&quot;;font-style:normal;font-weight:400;margin:0;font-size:1em;--fontSize:41;line-height:normal;\"><p>CANVIAR<br \/>\nCONTRASENYA<\/p><\/h2><\/div><div class=\"fusion-text fusion-text-2\"><p style=\"text-align: center;\">Rebr\u00e0s un enlla\u00e7 per correu electr\u00f2nic<br \/>\nper a crear una nova contrasenya.<\/p>\n<\/div><\/div><\/div><div class=\"fusion-layout-column fusion_builder_column fusion-builder-column-1 fusion_builder_column_2_5 2_5 fusion-flex-column\" style=\"--awb-padding-top:50px;--awb-padding-right:50px;--awb-padding-bottom:50px;--awb-padding-left:50px;--awb-padding-top-small:20px;--awb-padding-right-small:20px;--awb-padding-bottom-small:10px;--awb-padding-left-small:20px;--awb-bg-color:#ffffff;--awb-bg-color-hover:#ffffff;--awb-bg-size:cover;--awb-width-large:40%;--awb-margin-top-large:0px;--awb-spacing-right-large:4.8%;--awb-margin-bottom-large:20px;--awb-spacing-left-large:4.8%;--awb-width-medium:40%;--awb-order-medium:0;--awb-spacing-right-medium:4.8%;--awb-spacing-left-medium:4.8%;--awb-width-small:100%;--awb-order-small:0;--awb-spacing-right-small:1.92%;--awb-spacing-left-small:1.92%;\" data-scroll-devices=\"small-visibility,medium-visibility,large-visibility\"><div class=\"fusion-column-wrapper fusion-column-has-shadow fusion-flex-justify-content-flex-start fusion-content-layout-column\"><div class=\"fusion-text fusion-text-3\">\r\n<div id=\"password-lost-form-wrap\">\r\n\r\n\t\r\n\t\r\n\t<form id=\"lostpasswordform\" method=\"post\" class=\"account-page-form\">\r\n\t\t<fieldset>\r\n\t\t\t<legend> <\/legend>\r\n\r\n\t\t\t<div class=\"somfrp-lost-pass-form-text\">\r\n\t\t\t\t<p class=\"extra-space\">Please enter your email address or username. You will receive a link to create a new password via email.<\/p>\t\t\t<\/div>\r\n\r\n\t\t\t<p class=\"no-margin\">\r\n\t\t\t\t<label for=\"somfrp_user_info\">Direcci\u00f3 de Email o Usuari<\/label>\r\n\t\t\t\t<input type=\"text\" name=\"somfrp_user_info\" id=\"somfrp_user_info\" required autocomplete=\"username\">\r\n\t\t\t<\/p>\r\n\t\t\t\r\n\r\n\t\t\t<div class=\"lostpassword-submit\">\r\n\t\t\t\t<input type=\"hidden\" id=\"somfrp_nonce\" name=\"somfrp_nonce\" value=\"b5ad9b86e5\" \/><input type=\"hidden\" name=\"_wp_http_referer\" value=\"\/ca\/wp-json\/wp\/v2\/pages\/748\" \/>\t\t\t\t<input type=\"hidden\" name=\"submitted\" id=\"submitted\" value=\"true\">\r\n\t\t\t\t<input type=\"hidden\" name=\"somfrp_action\" id=\"somfrp_post_action\" value=\"somfrp_lost_pass\">\r\n\t\t\t\t<button type=\"submit\" id=\"reset-pass-submit\" name=\"reset-pass-submit\" class=\"button big-btn\">RESTABLIR CONTRASENYA<\/button>\r\n\t\t\t<\/div>\r\n\r\n\t\t<\/fieldset>\r\n\t<\/form>\r\n\r\n<\/div>\n<\/div><\/div><\/div><\/div><\/div>\n","protected":false},"excerpt":{"rendered":"","protected":false},"author":1,"featured_media":0,"parent":0,"menu_order":0,"comment_status":"closed","ping_status":"closed","template":"","meta":{"footnotes":""},"class_list":["post-748","page","type-page","status-publish","hentry"],"yoast_head":"<!-- This site is optimized with the Yoast SEO plugin v27.2 - https:\/\/yoast.com\/product\/yoast-seo-wordpress\/ -->\n<title>Lost password &#8211; Niji<\/title>\n<meta name=\"robots\" content=\"index, follow, max-snippet:-1, max-image-preview:large, max-video-preview:-1\" \/>\n<link rel=\"canonical\" href=\"https:\/\/niji.es\/ca\/lost-password\/\" \/>\n<meta property=\"og:locale\" content=\"ca_ES\" \/>\n<meta property=\"og:type\" content=\"article\" \/>\n<meta property=\"og:title\" content=\"Lost password &#8211; Niji\" \/>\n<meta property=\"og:url\" content=\"https:\/\/niji.es\/ca\/lost-password\/\" \/>\n<meta property=\"og:site_name\" content=\"Niji\" \/>\n<meta property=\"article:publisher\" content=\"https:\/\/www.facebook.com\/niji.mochi\/\" \/>\n<meta property=\"article:modified_time\" content=\"2023-06-27T09:20:01+00:00\" \/>\n<meta property=\"og:image\" content=\"https:\/\/niji.es\/wp-content\/uploads\/2021\/02\/elaboracion-mochis.jpg\" \/>\n\t<meta property=\"og:image:width\" content=\"502\" \/>\n\t<meta property=\"og:image:height\" content=\"398\" \/>\n\t<meta property=\"og:image:type\" content=\"image\/jpeg\" \/>\n<meta name=\"twitter:card\" content=\"summary_large_image\" \/>\n<meta name=\"twitter:label1\" content=\"Temps estimat de lectura\" \/>\n\t<meta name=\"twitter:data1\" content=\"3 minuts\" \/>\n<script type=\"application\/ld+json\" class=\"yoast-schema-graph\">{\"@context\":\"https:\/\/schema.org\",\"@graph\":[{\"@type\":\"WebPage\",\"@id\":\"https:\/\/niji.es\/ca\/lost-password\/\",\"url\":\"https:\/\/niji.es\/ca\/lost-password\/\",\"name\":\"Lost password &#8211; Niji\",\"isPartOf\":{\"@id\":\"https:\/\/niji.es\/#website\"},\"datePublished\":\"2021-03-11T11:08:50+00:00\",\"dateModified\":\"2023-06-27T09:20:01+00:00\",\"breadcrumb\":{\"@id\":\"https:\/\/niji.es\/ca\/lost-password\/#breadcrumb\"},\"inLanguage\":\"ca\",\"potentialAction\":[{\"@type\":\"ReadAction\",\"target\":[\"https:\/\/niji.es\/ca\/lost-password\/\"]}]},{\"@type\":\"BreadcrumbList\",\"@id\":\"https:\/\/niji.es\/ca\/lost-password\/#breadcrumb\",\"itemListElement\":[{\"@type\":\"ListItem\",\"position\":1,\"name\":\"Portada\",\"item\":\"https:\/\/niji.es\/ca\/\"},{\"@type\":\"ListItem\",\"position\":2,\"name\":\"Lost password\"}]},{\"@type\":\"WebSite\",\"@id\":\"https:\/\/niji.es\/#website\",\"url\":\"https:\/\/niji.es\/\",\"name\":\"Niji\",\"description\":\"Mochis Japoneses Artesanos\",\"publisher\":{\"@id\":\"https:\/\/niji.es\/#organization\"},\"potentialAction\":[{\"@type\":\"SearchAction\",\"target\":{\"@type\":\"EntryPoint\",\"urlTemplate\":\"https:\/\/niji.es\/?s={search_term_string}\"},\"query-input\":{\"@type\":\"PropertyValueSpecification\",\"valueRequired\":true,\"valueName\":\"search_term_string\"}}],\"inLanguage\":\"ca\"},{\"@type\":\"Organization\",\"@id\":\"https:\/\/niji.es\/#organization\",\"name\":\"Niji\",\"url\":\"https:\/\/niji.es\/\",\"logo\":{\"@type\":\"ImageObject\",\"inLanguage\":\"ca\",\"@id\":\"https:\/\/niji.es\/#\/schema\/logo\/image\/\",\"url\":\"https:\/\/niji.es\/wp-content\/uploads\/2021\/05\/niji-logo.jpg\",\"contentUrl\":\"https:\/\/niji.es\/wp-content\/uploads\/2021\/05\/niji-logo.jpg\",\"width\":250,\"height\":103,\"caption\":\"Niji\"},\"image\":{\"@id\":\"https:\/\/niji.es\/#\/schema\/logo\/image\/\"},\"sameAs\":[\"https:\/\/www.facebook.com\/niji.mochi\/\",\"https:\/\/www.instagram.com\/niji_mochis\/\",\"https:\/\/es.linkedin.com\/company\/niji-handcrafted-japanese-mochis\"]}]}<\/script>\n<!-- \/ Yoast SEO plugin. -->","yoast_head_json":{"title":"Lost password &#8211; Niji","robots":{"index":"index","follow":"follow","max-snippet":"max-snippet:-1","max-image-preview":"max-image-preview:large","max-video-preview":"max-video-preview:-1"},"canonical":"https:\/\/niji.es\/ca\/lost-password\/","og_locale":"ca_ES","og_type":"article","og_title":"Lost password &#8211; Niji","og_url":"https:\/\/niji.es\/ca\/lost-password\/","og_site_name":"Niji","article_publisher":"https:\/\/www.facebook.com\/niji.mochi\/","article_modified_time":"2023-06-27T09:20:01+00:00","og_image":[{"width":502,"height":398,"url":"https:\/\/niji.es\/wp-content\/uploads\/2021\/02\/elaboracion-mochis.jpg","type":"image\/jpeg"}],"twitter_card":"summary_large_image","twitter_misc":{"Temps estimat de lectura":"3 minuts"},"schema":{"@context":"https:\/\/schema.org","@graph":[{"@type":"WebPage","@id":"https:\/\/niji.es\/ca\/lost-password\/","url":"https:\/\/niji.es\/ca\/lost-password\/","name":"Lost password &#8211; Niji","isPartOf":{"@id":"https:\/\/niji.es\/#website"},"datePublished":"2021-03-11T11:08:50+00:00","dateModified":"2023-06-27T09:20:01+00:00","breadcrumb":{"@id":"https:\/\/niji.es\/ca\/lost-password\/#breadcrumb"},"inLanguage":"ca","potentialAction":[{"@type":"ReadAction","target":["https:\/\/niji.es\/ca\/lost-password\/"]}]},{"@type":"BreadcrumbList","@id":"https:\/\/niji.es\/ca\/lost-password\/#breadcrumb","itemListElement":[{"@type":"ListItem","position":1,"name":"Portada","item":"https:\/\/niji.es\/ca\/"},{"@type":"ListItem","position":2,"name":"Lost password"}]},{"@type":"WebSite","@id":"https:\/\/niji.es\/#website","url":"https:\/\/niji.es\/","name":"Niji","description":"Mochis Japoneses Artesanos","publisher":{"@id":"https:\/\/niji.es\/#organization"},"potentialAction":[{"@type":"SearchAction","target":{"@type":"EntryPoint","urlTemplate":"https:\/\/niji.es\/?s={search_term_string}"},"query-input":{"@type":"PropertyValueSpecification","valueRequired":true,"valueName":"search_term_string"}}],"inLanguage":"ca"},{"@type":"Organization","@id":"https:\/\/niji.es\/#organization","name":"Niji","url":"https:\/\/niji.es\/","logo":{"@type":"ImageObject","inLanguage":"ca","@id":"https:\/\/niji.es\/#\/schema\/logo\/image\/","url":"https:\/\/niji.es\/wp-content\/uploads\/2021\/05\/niji-logo.jpg","contentUrl":"https:\/\/niji.es\/wp-content\/uploads\/2021\/05\/niji-logo.jpg","width":250,"height":103,"caption":"Niji"},"image":{"@id":"https:\/\/niji.es\/#\/schema\/logo\/image\/"},"sameAs":["https:\/\/www.facebook.com\/niji.mochi\/","https:\/\/www.instagram.com\/niji_mochis\/","https:\/\/es.linkedin.com\/company\/niji-handcrafted-japanese-mochis"]}]}},"_links":{"self":[{"href":"https:\/\/niji.es\/ca\/wp-json\/wp\/v2\/pages\/748","targetHints":{"allow":["GET"]}}],"collection":[{"href":"https:\/\/niji.es\/ca\/wp-json\/wp\/v2\/pages"}],"about":[{"href":"https:\/\/niji.es\/ca\/wp-json\/wp\/v2\/types\/page"}],"author":[{"embeddable":true,"href":"https:\/\/niji.es\/ca\/wp-json\/wp\/v2\/users\/1"}],"replies":[{"embeddable":true,"href":"https:\/\/niji.es\/ca\/wp-json\/wp\/v2\/comments?post=748"}],"version-history":[{"count":8,"href":"https:\/\/niji.es\/ca\/wp-json\/wp\/v2\/pages\/748\/revisions"}],"predecessor-version":[{"id":2701,"href":"https:\/\/niji.es\/ca\/wp-json\/wp\/v2\/pages\/748\/revisions\/2701"}],"wp:attachment":[{"href":"https:\/\/niji.es\/ca\/wp-json\/wp\/v2\/media?parent=748"}],"curies":[{"name":"wp","href":"https:\/\/api.w.org\/{rel}","templated":true}]}}