{"id":789,"date":"2021-03-12T13:47:45","date_gmt":"2021-03-12T12:47:45","guid":{"rendered":"https:\/\/niji.es\/?page_id=789"},"modified":"2025-03-10T11:02:13","modified_gmt":"2025-03-10T10:02:13","slug":"botigues","status":"publish","type":"page","link":"https:\/\/niji.es\/ca\/botigues\/","title":{"rendered":"Botigues"},"content":{"rendered":"<p><div class=\"fusion-fullwidth fullwidth-box fusion-builder-row-1 fusion-flex-container nonhundred-percent-fullwidth non-hundred-percent-height-scrolling\" style=\"--awb-border-radius-top-left:0px;--awb-border-radius-top-right:0px;--awb-border-radius-bottom-right:0px;--awb-border-radius-bottom-left:0px;--awb-padding-bottom:0px;--awb-margin-bottom:0px;--awb-flex-wrap:wrap;\" ><div class=\"fusion-builder-row fusion-row fusion-flex-align-items-flex-start fusion-flex-content-wrap\" style=\"max-width:1064.96px;margin-left: calc(-4% \/ 2 );margin-right: calc(-4% \/ 2 );\"><div class=\"fusion-layout-column fusion_builder_column fusion-builder-column-0 fusion_builder_column_1_1 1_1 fusion-flex-column\" style=\"--awb-bg-size:cover;--awb-width-large:100%;--awb-margin-top-large:0px;--awb-spacing-right-large:1.92%;--awb-margin-bottom-large:40px;--awb-spacing-left-large:1.92%;--awb-width-medium:100%;--awb-order-medium:0;--awb-spacing-right-medium:1.92%;--awb-spacing-left-medium:1.92%;--awb-width-small:100%;--awb-order-small:0;--awb-spacing-right-small:1.92%;--awb-spacing-left-small:1.92%;\"><div class=\"fusion-column-wrapper fusion-column-has-shadow fusion-flex-justify-content-flex-start fusion-content-layout-column\"><div class=\"fusion-title title fusion-title-1 fusion-sep-none fusion-title-center fusion-title-text fusion-title-size-two\" style=\"--awb-text-color:#99999a;--awb-margin-bottom:0px;--awb-margin-top-small:10px;--awb-margin-right-small:0px;--awb-margin-bottom-small:10px;--awb-margin-left-small:0px;\"><h2 class=\"fusion-title-heading title-heading-center fusion-responsive-typography-calculated\" style=\"margin:0;--fontSize:21;line-height:normal;\">\u65b0\u3057\u3044\u5473<\/h2><\/div><div class=\"fusion-title title fusion-title-2 fusion-sep-none fusion-title-center fusion-title-text fusion-title-size-one\" style=\"--awb-text-color:#99999a;--awb-margin-top-small:10px;--awb-margin-right-small:0px;--awb-margin-bottom-small:10px;--awb-margin-left-small:0px;--awb-font-size:41px;\"><h1 class=\"fusion-title-heading title-heading-center fusion-responsive-typography-calculated\" style=\"margin:0;font-size:1em;--fontSize:41;line-height:normal;\">LES NOSTRES BOTIGUES<\/h1><\/div><\/div><\/div><\/div><\/div><div class=\"fusion-fullwidth fullwidth-box fusion-builder-row-2 fusion-flex-container has-pattern-background has-mask-background hundred-percent-fullwidth non-hundred-percent-height-scrolling stores\" style=\"--awb-border-radius-top-left:0px;--awb-border-radius-top-right:0px;--awb-border-radius-bottom-right:0px;--awb-border-radius-bottom-left:0px;--awb-padding-top:90px;--awb-padding-bottom:90px;--awb-padding-top-small:30px;--awb-flex-wrap:wrap;\" ><div class=\"fusion-builder-row fusion-row fusion-flex-align-items-flex-start fusion-flex-justify-content-center fusion-flex-content-wrap\" style=\"width:104% !important;max-width:104% !important;margin-left: calc(-4% \/ 2 );margin-right: calc(-4% \/ 2 );\"><div class=\"fusion-layout-column fusion_builder_column fusion-builder-column-1 fusion_builder_column_1_1 1_1 fusion-flex-column\" style=\"--awb-bg-size:cover;--awb-width-large:100%;--awb-margin-top-large:0px;--awb-spacing-right-large:1.92%;--awb-margin-bottom-large:20px;--awb-spacing-left-large:1.92%;--awb-width-medium:100%;--awb-order-medium:0;--awb-spacing-right-medium:1.92%;--awb-spacing-left-medium:1.92%;--awb-width-small:100%;--awb-order-small:0;--awb-spacing-right-small:1.92%;--awb-spacing-left-small:1.92%;\"><div class=\"fusion-column-wrapper fusion-column-has-shadow fusion-flex-justify-content-flex-start fusion-content-layout-column\"><style type=\"text\/css\">\n    #asl-storelocator.asl-cont.asl-template-list {--sl-font-size: 14px;--sl-title-size: 15px;--sl-btn-size: 14px;--sl-primary: #fab5bb;--sl-action-btn-color: #FFFFFF;--sl-action-btn-bg: #fab5bb;--sl-color: #555d66;--sl-list-bg: #FFFFFF;--sl-list-title: #32373c;}.asl-p-cont .asl-print-btn,.asl-cont .asl-print-btn {display: none !important;}    .asl-cont .asl-clear-btn {z-index:1;border: 0;background: transparent;position: absolute;top: 1px;bottom: 0;right: 45px;  outline: none;line-height: 14px; padding: 0px 0.4rem;}\n    .rtl .asl-cont .asl-clear-btn {right: auto;left: 45px;}\n    li.sl-no-item h2 {font-size: 36px; font-weight: 800;margin-bottom: 1rem;text-align: center;}\n    li.sl-no-item p {font-size: 18px;color: inherit;text-align: center;margin-top: 1rem;margin-bottom: 3rem;}\n<\/style>\n<div id=\"asl-storelocator\" class=\"asl-cont storelocator-main asl-template-list asl-bg-8 asl-text-3\">\n    <div class=\"sl-container\">\n        <div id=\"asl-panel\" class=\"sl-row\">\n            <div class=\"asl-overlay\" id=\"map-loading\">\n                <div class=\"white\"><\/div>\n                <div class=\"sl-loading\">\n                  <i class=\"animate-sl-spin icon-spin3\"><\/i>\n                  Carregant                <\/div>\n            <\/div>\n            <div class=\"asl-panel-inner pol-12\">\n                <div class=\"asl-filter-sec\">\n                    <div class=\"asl-search-cont\">\n                        <div class=\"asl-search-inner\">\n                            <div class=\"sl-row\">\n                                <div class=\"pol-md-7 pol-sm-6 pr-md-0 pr-sm-0\">\n                                    <div class=\"form-group asl-addr-search\">\n                                        <input id=\"sl-main-search\" type=\"text\" class=\"form-control asl-search-address rounded-left\" placeholder=\"Cerca la teva ubicaci\u00f3\">\n                                        <a title=\"Current Location\" class=\"sl-geo-btn asl-geo\">\n                                            <svg width=\"20px\" height=\"20px\" viewBox=\"0 0 561 561\" fill=\"#FFF\">\n                                                <path d=\"M280.5,178.5c-56.1,0-102,45.9-102,102c0,56.1,45.9,102,102,102c56.1,0,102-45.9,102-102 C382.5,224.4,336.6,178.5,280.5,178.5z M507.45,255C494.7,147.9,410.55,63.75,306,53.55V0h-51v53.55 C147.9,63.75,63.75,147.9,53.55,255H0v51h53.55C66.3,413.1,150.45,497.25,255,507.45V561h51v-53.55 C413.1,494.7,497.25,410.55,507.45,306H561v-51H507.45z M280.5,459C181.05,459,102,379.95,102,280.5S181.05,102,280.5,102 S459,181.05,459,280.5S379.95,459,280.5,459z\"><\/path>\n                                            <\/svg>\n                                        <\/a>\n                                    <\/div> \n                                <\/div>\n                                                                <div class=\"pol-md-5 pol-sm-6 pl-md-0 pl-sm-0\">\n                                    <div class=\"form-group\">\n                                        <select multiple=\"multiple\" class=\"asl-select-ctrl form-control rounded-left\">\n                                            <option><\/option>\n                                        <\/select>\n                                    <\/div>\n                                <\/div>\n                                                            <\/div>\n                                                    <\/div>\n                        <div class=\"asl-sort-list\">\n                            <div class=\"sl-row\">\n                                <div class=\"pol-md-6\">\n                                                                        <div class=\"asl-sort-left\">\n                                        <ul class=\"asl-tab-filters\">\n                                                                                        <li><a class=\"sl-tab-opt\" data-id=\"1\">Espa\u00f1a<\/a><\/li>\n                                                                                    <\/ul>\n                                    <\/div>\n                                                                    <\/div>\n                                <div class=\"pol-md-3 sl-dist-cont\"><\/div>\n                                <div class=\"pol-md-3\">\n                                    <div class=\"form-group\">\n                                        <div class=\"asl-sort-right\">\n                                            <label>Sort by:<\/label>\n                                            <select class=\"sl-sort-by form-control\">\n                                                <option value=\"\">Dist\u00e0ncia<\/option>\n                                                <option value=\"title\" selected=\"\">Title<\/option>\n                                                <option value=\"city\">Cities<\/option>\n                                                <option value=\"state\">States<\/option>\n                                            <\/select>\n                                        <\/div>\n                                    <\/div>\n                                <\/div>\n                            <\/div>\n                        <\/div>\n                    <\/div>\n                <\/div>\n                <div class=\"asl-list-cont\">\n                    <ul class=\"sl-list\">\n                    <\/ul>\n                    <div class=\"sl-row\">\n                        <div class=\"pol-12\">\n                            <div class=\"sl-pagination nav mb-2 justify-content-center text-center\">\n                            <\/div>  \n                        <\/div>\n                    <\/div>\n                <\/div>\n            <\/div>\n        <\/div>\n    <\/div>\n<\/div><\/div><\/div><\/div><\/div><div class=\"fusion-fullwidth fullwidth-box fusion-builder-row-3 fusion-flex-container nonhundred-percent-fullwidth non-hundred-percent-height-scrolling\" style=\"--awb-border-radius-top-left:0px;--awb-border-radius-top-right:0px;--awb-border-radius-bottom-right:0px;--awb-border-radius-bottom-left:0px;--awb-margin-top:100px;--awb-flex-wrap:wrap;\" ><div class=\"fusion-builder-row fusion-row fusion-flex-align-items-flex-start fusion-flex-justify-content-center fusion-flex-content-wrap\" style=\"max-width:1064.96px;margin-left: calc(-4% \/ 2 );margin-right: calc(-4% \/ 2 );\"><div class=\"fusion-layout-column fusion_builder_column fusion-builder-column-2 fusion_builder_column_1_1 1_1 fusion-flex-column fusion-flex-align-self-center\" style=\"--awb-bg-size:cover;--awb-width-large:100%;--awb-margin-top-large:0px;--awb-spacing-right-large:1.92%;--awb-margin-bottom-large:76px;--awb-spacing-left-large:1.92%;--awb-width-medium:100%;--awb-order-medium:0;--awb-spacing-right-medium:1.92%;--awb-spacing-left-medium:1.92%;--awb-width-small:100%;--awb-order-small:0;--awb-spacing-right-small:1.92%;--awb-spacing-left-small:1.92%;\"><div class=\"fusion-column-wrapper fusion-column-has-shadow fusion-flex-justify-content-flex-start fusion-content-layout-column\"><div class=\"fusion-text fusion-text-1\"><p style=\"text-align: center;\">Veuen a con\u00e8ixer les nostres botigues gurmet especialitzades en mochis.<br \/>\nTrobar\u00e0s m\u00e9s de quinze varietats en un entorn dissenyat i fet a mesura perqu\u00e8,<br \/>\ndes que entres, sigui una experi\u00e8ncia gastron\u00f2mica perfecta.<\/p>\n<\/div><div class=\"fusion-separator fusion-full-width-sep\" style=\"align-self: center;margin-left: auto;margin-right: auto;margin-top:31px;width:100%;\"><div class=\"fusion-separator-border sep-single sep-solid\" style=\"--awb-height:20px;--awb-amount:20px;--awb-sep-color:#eaeaea;border-color:#eaeaea;border-top-width:1px;\"><\/div><\/div><\/div><\/div><div class=\"fusion-layout-column fusion_builder_column fusion-builder-column-3 fusion_builder_column_1_3 1_3 fusion-flex-column\" style=\"--awb-bg-size:cover;--awb-width-large:33.333333333333%;--awb-margin-top-large:0px;--awb-spacing-right-large:5.76%;--awb-margin-bottom-large:20px;--awb-spacing-left-large:5.76%;--awb-width-medium:33.333333333333%;--awb-order-medium:0;--awb-spacing-right-medium:5.76%;--awb-spacing-left-medium:5.76%;--awb-width-small:100%;--awb-order-small:0;--awb-spacing-right-small:1.92%;--awb-spacing-left-small:1.92%;\"><div class=\"fusion-column-wrapper fusion-column-has-shadow fusion-flex-justify-content-flex-start fusion-content-layout-column\"><i class=\"fb-icon-element-1 fb-icon-element fontawesome-icon fa-medal fas circle-no\" style=\"--awb-iconcolor:#fab5bb;--awb-iconcolor-hover:#fab5bb;--awb-font-size:32px;--awb-align-self:center;--awb-margin-top:0px;--awb-margin-right:0px;--awb-margin-bottom:20px;--awb-margin-left:0px;\"><\/i><div class=\"fusion-text fusion-text-2\" style=\"--awb-font-size:22px;--awb-line-height:1.41;--awb-text-font-family:&quot;Proxima Nova Light&quot;;--awb-text-font-style:normal;--awb-text-font-weight:400;\"><p style=\"text-align: center;\"><strong>Descobreix mochis<\/strong><br \/>\n<strong> exclusius<\/strong><\/p>\n<\/div><\/div><\/div><div class=\"fusion-layout-column fusion_builder_column fusion-builder-column-4 fusion_builder_column_1_3 1_3 fusion-flex-column\" style=\"--awb-bg-size:cover;--awb-width-large:33.333333333333%;--awb-margin-top-large:0px;--awb-spacing-right-large:5.76%;--awb-margin-bottom-large:20px;--awb-spacing-left-large:5.76%;--awb-width-medium:33.333333333333%;--awb-order-medium:0;--awb-spacing-right-medium:5.76%;--awb-spacing-left-medium:5.76%;--awb-width-small:100%;--awb-order-small:0;--awb-spacing-right-small:1.92%;--awb-spacing-left-small:1.92%;\"><div class=\"fusion-column-wrapper fusion-column-has-shadow fusion-flex-justify-content-flex-start fusion-content-layout-column\"><i class=\"fb-icon-element-2 fb-icon-element fontawesome-icon fa-map-marked-alt fas circle-no\" style=\"--awb-iconcolor:#fab5bb;--awb-iconcolor-hover:#fab5bb;--awb-font-size:32px;--awb-align-self:center;--awb-margin-top:0px;--awb-margin-right:0px;--awb-margin-bottom:20px;--awb-margin-left:0px;\"><\/i><div class=\"fusion-text fusion-text-3\" style=\"--awb-font-size:22px;--awb-line-height:1.41;--awb-text-font-family:&quot;Proxima Nova Light&quot;;--awb-text-font-style:normal;--awb-text-font-weight:400;\"><p style=\"text-align: center;\"><strong>Botigues i estands a<br \/>\nEspanya, Anglaterra, Fran\u00e7a i Portugal.<\/strong><\/p>\n<\/div><\/div><\/div><\/div><\/div><\/p>\n","protected":false},"excerpt":{"rendered":"","protected":false},"author":1,"featured_media":0,"parent":0,"menu_order":0,"comment_status":"closed","ping_status":"closed","template":"100-width.php","meta":{"footnotes":""},"class_list":["post-789","page","type-page","status-publish","hentry"],"yoast_head":"<!-- This site is optimized with the Yoast SEO plugin v27.2 - https:\/\/yoast.com\/product\/yoast-seo-wordpress\/ -->\n<title>Botigues &#8211; Niji<\/title>\n<meta name=\"robots\" content=\"index, follow, max-snippet:-1, max-image-preview:large, max-video-preview:-1\" \/>\n<link rel=\"canonical\" href=\"https:\/\/niji.es\/ca\/botigues\/\" \/>\n<meta property=\"og:locale\" content=\"ca_ES\" \/>\n<meta property=\"og:type\" content=\"article\" \/>\n<meta property=\"og:title\" content=\"Botigues &#8211; Niji\" \/>\n<meta property=\"og:url\" content=\"https:\/\/niji.es\/ca\/botigues\/\" \/>\n<meta property=\"og:site_name\" content=\"Niji\" \/>\n<meta property=\"article:publisher\" content=\"https:\/\/www.facebook.com\/niji.mochi\/\" \/>\n<meta property=\"article:modified_time\" content=\"2025-03-10T10:02:13+00:00\" \/>\n<meta property=\"og:image\" content=\"https:\/\/niji.es\/wp-content\/uploads\/2021\/02\/elaboracion-mochis.jpg\" \/>\n\t<meta property=\"og:image:width\" content=\"502\" \/>\n\t<meta property=\"og:image:height\" content=\"398\" \/>\n\t<meta property=\"og:image:type\" content=\"image\/jpeg\" \/>\n<meta name=\"twitter:card\" content=\"summary_large_image\" \/>\n<meta name=\"twitter:label1\" content=\"Temps estimat de lectura\" \/>\n\t<meta name=\"twitter:data1\" content=\"1 minut\" \/>\n<script type=\"application\/ld+json\" class=\"yoast-schema-graph\">{\"@context\":\"https:\/\/schema.org\",\"@graph\":[{\"@type\":\"WebPage\",\"@id\":\"https:\/\/niji.es\/ca\/botigues\/\",\"url\":\"https:\/\/niji.es\/ca\/botigues\/\",\"name\":\"Botigues &#8211; Niji\",\"isPartOf\":{\"@id\":\"https:\/\/niji.es\/#website\"},\"datePublished\":\"2021-03-12T12:47:45+00:00\",\"dateModified\":\"2025-03-10T10:02:13+00:00\",\"breadcrumb\":{\"@id\":\"https:\/\/niji.es\/ca\/botigues\/#breadcrumb\"},\"inLanguage\":\"ca\",\"potentialAction\":[{\"@type\":\"ReadAction\",\"target\":[\"https:\/\/niji.es\/ca\/botigues\/\"]}]},{\"@type\":\"BreadcrumbList\",\"@id\":\"https:\/\/niji.es\/ca\/botigues\/#breadcrumb\",\"itemListElement\":[{\"@type\":\"ListItem\",\"position\":1,\"name\":\"Portada\",\"item\":\"https:\/\/niji.es\/ca\/\"},{\"@type\":\"ListItem\",\"position\":2,\"name\":\"Botigues\"}]},{\"@type\":\"WebSite\",\"@id\":\"https:\/\/niji.es\/#website\",\"url\":\"https:\/\/niji.es\/\",\"name\":\"Niji\",\"description\":\"Mochis Japoneses Artesanos\",\"publisher\":{\"@id\":\"https:\/\/niji.es\/#organization\"},\"potentialAction\":[{\"@type\":\"SearchAction\",\"target\":{\"@type\":\"EntryPoint\",\"urlTemplate\":\"https:\/\/niji.es\/?s={search_term_string}\"},\"query-input\":{\"@type\":\"PropertyValueSpecification\",\"valueRequired\":true,\"valueName\":\"search_term_string\"}}],\"inLanguage\":\"ca\"},{\"@type\":\"Organization\",\"@id\":\"https:\/\/niji.es\/#organization\",\"name\":\"Niji\",\"url\":\"https:\/\/niji.es\/\",\"logo\":{\"@type\":\"ImageObject\",\"inLanguage\":\"ca\",\"@id\":\"https:\/\/niji.es\/#\/schema\/logo\/image\/\",\"url\":\"https:\/\/niji.es\/wp-content\/uploads\/2021\/05\/niji-logo.jpg\",\"contentUrl\":\"https:\/\/niji.es\/wp-content\/uploads\/2021\/05\/niji-logo.jpg\",\"width\":250,\"height\":103,\"caption\":\"Niji\"},\"image\":{\"@id\":\"https:\/\/niji.es\/#\/schema\/logo\/image\/\"},\"sameAs\":[\"https:\/\/www.facebook.com\/niji.mochi\/\",\"https:\/\/www.instagram.com\/niji_mochis\/\",\"https:\/\/es.linkedin.com\/company\/niji-handcrafted-japanese-mochis\"]}]}<\/script>\n<!-- \/ Yoast SEO plugin. -->","yoast_head_json":{"title":"Botigues &#8211; Niji","robots":{"index":"index","follow":"follow","max-snippet":"max-snippet:-1","max-image-preview":"max-image-preview:large","max-video-preview":"max-video-preview:-1"},"canonical":"https:\/\/niji.es\/ca\/botigues\/","og_locale":"ca_ES","og_type":"article","og_title":"Botigues &#8211; Niji","og_url":"https:\/\/niji.es\/ca\/botigues\/","og_site_name":"Niji","article_publisher":"https:\/\/www.facebook.com\/niji.mochi\/","article_modified_time":"2025-03-10T10:02:13+00:00","og_image":[{"width":502,"height":398,"url":"https:\/\/niji.es\/wp-content\/uploads\/2021\/02\/elaboracion-mochis.jpg","type":"image\/jpeg"}],"twitter_card":"summary_large_image","twitter_misc":{"Temps estimat de lectura":"1 minut"},"schema":{"@context":"https:\/\/schema.org","@graph":[{"@type":"WebPage","@id":"https:\/\/niji.es\/ca\/botigues\/","url":"https:\/\/niji.es\/ca\/botigues\/","name":"Botigues &#8211; Niji","isPartOf":{"@id":"https:\/\/niji.es\/#website"},"datePublished":"2021-03-12T12:47:45+00:00","dateModified":"2025-03-10T10:02:13+00:00","breadcrumb":{"@id":"https:\/\/niji.es\/ca\/botigues\/#breadcrumb"},"inLanguage":"ca","potentialAction":[{"@type":"ReadAction","target":["https:\/\/niji.es\/ca\/botigues\/"]}]},{"@type":"BreadcrumbList","@id":"https:\/\/niji.es\/ca\/botigues\/#breadcrumb","itemListElement":[{"@type":"ListItem","position":1,"name":"Portada","item":"https:\/\/niji.es\/ca\/"},{"@type":"ListItem","position":2,"name":"Botigues"}]},{"@type":"WebSite","@id":"https:\/\/niji.es\/#website","url":"https:\/\/niji.es\/","name":"Niji","description":"Mochis Japoneses Artesanos","publisher":{"@id":"https:\/\/niji.es\/#organization"},"potentialAction":[{"@type":"SearchAction","target":{"@type":"EntryPoint","urlTemplate":"https:\/\/niji.es\/?s={search_term_string}"},"query-input":{"@type":"PropertyValueSpecification","valueRequired":true,"valueName":"search_term_string"}}],"inLanguage":"ca"},{"@type":"Organization","@id":"https:\/\/niji.es\/#organization","name":"Niji","url":"https:\/\/niji.es\/","logo":{"@type":"ImageObject","inLanguage":"ca","@id":"https:\/\/niji.es\/#\/schema\/logo\/image\/","url":"https:\/\/niji.es\/wp-content\/uploads\/2021\/05\/niji-logo.jpg","contentUrl":"https:\/\/niji.es\/wp-content\/uploads\/2021\/05\/niji-logo.jpg","width":250,"height":103,"caption":"Niji"},"image":{"@id":"https:\/\/niji.es\/#\/schema\/logo\/image\/"},"sameAs":["https:\/\/www.facebook.com\/niji.mochi\/","https:\/\/www.instagram.com\/niji_mochis\/","https:\/\/es.linkedin.com\/company\/niji-handcrafted-japanese-mochis"]}]}},"_links":{"self":[{"href":"https:\/\/niji.es\/ca\/wp-json\/wp\/v2\/pages\/789","targetHints":{"allow":["GET"]}}],"collection":[{"href":"https:\/\/niji.es\/ca\/wp-json\/wp\/v2\/pages"}],"about":[{"href":"https:\/\/niji.es\/ca\/wp-json\/wp\/v2\/types\/page"}],"author":[{"embeddable":true,"href":"https:\/\/niji.es\/ca\/wp-json\/wp\/v2\/users\/1"}],"replies":[{"embeddable":true,"href":"https:\/\/niji.es\/ca\/wp-json\/wp\/v2\/comments?post=789"}],"version-history":[{"count":17,"href":"https:\/\/niji.es\/ca\/wp-json\/wp\/v2\/pages\/789\/revisions"}],"predecessor-version":[{"id":3981,"href":"https:\/\/niji.es\/ca\/wp-json\/wp\/v2\/pages\/789\/revisions\/3981"}],"wp:attachment":[{"href":"https:\/\/niji.es\/ca\/wp-json\/wp\/v2\/media?parent=789"}],"curies":[{"name":"wp","href":"https:\/\/api.w.org\/{rel}","templated":true}]}}