{"id":2464,"date":"2023-06-23T10:08:59","date_gmt":"2023-06-23T09:08:59","guid":{"rendered":"https:\/\/niji.es\/?page_id=2464"},"modified":"2023-07-10T11:01:19","modified_gmt":"2023-07-10T10:01:19","slug":"inscription","status":"publish","type":"page","link":"https:\/\/niji.es\/fr\/inscription\/","title":{"rendered":"Inscription"},"content":{"rendered":"<div class=\"fusion-fullwidth fullwidth-box fusion-builder-row-1 fusion-flex-container nonhundred-percent-fullwidth non-hundred-percent-height-scrolling\" style=\"--awb-border-radius-top-left:0px;--awb-border-radius-top-right:0px;--awb-border-radius-bottom-right:0px;--awb-border-radius-bottom-left:0px;--awb-background-color:rgba(255,255,255,0);--awb-flex-wrap:wrap;\" ><div class=\"fusion-builder-row fusion-row fusion-flex-align-items-center fusion-flex-align-content-flex-start fusion-flex-justify-content-center fusion-flex-content-wrap\" style=\"max-width:1064.96px;margin-left: calc(-4% \/ 2 );margin-right: calc(-4% \/ 2 );\"><div class=\"fusion-layout-column fusion_builder_column fusion-builder-column-0 fusion_builder_column_3_4 3_4 fusion-flex-column\" style=\"--awb-bg-color:rgba(255,255,255,0);--awb-bg-color-hover:rgba(255,255,255,0);--awb-bg-size:cover;--awb-width-large:75%;--awb-margin-top-large:100px;--awb-spacing-right-large:2.56%;--awb-margin-bottom-large:20px;--awb-spacing-left-large:2.56%;--awb-width-medium:75%;--awb-order-medium:0;--awb-spacing-right-medium:2.56%;--awb-spacing-left-medium:2.56%;--awb-width-small:100%;--awb-order-small:0;--awb-spacing-right-small:1.92%;--awb-spacing-left-small:1.92%;\"><div class=\"fusion-column-wrapper fusion-column-has-shadow fusion-flex-justify-content-flex-start fusion-content-layout-column\"><a class=\"fb-icon-element-1 fb-icon-element fontawesome-icon niji-cross circle-no fusion-text-flow fusion-link popup_close\" style=\"--awb-iconcolor:#99999a;--awb-iconcolor-hover:#99999a;--awb-font-size:32px;--awb-margin-right:16px;\" href=\"https:\/\/niji.es\/fr\/\" target=\"_self\" aria-label=\"Link to https:\/\/niji.es\/fr\/\"><\/a><div class=\"fusion-text fusion-text-1\" style=\"--awb-font-size:21px;--awb-letter-spacing:6px;--awb-text-font-family:&quot;PingFang SC&quot;;--awb-text-font-style:normal;--awb-text-font-weight:400;\"><p style=\"text-align: center; margin-bottom: 10px;\">\u65b0\u898f\u767b\u9332<\/p>\n<\/div><div class=\"fusion-title title fusion-title-1 fusion-sep-none fusion-title-center fusion-title-text fusion-title-size-two\" style=\"--awb-text-color:#99999a;--awb-margin-top:0px;--awb-margin-top-small:10px;--awb-margin-right-small:0px;--awb-margin-bottom-small:10px;--awb-margin-left-small:0px;--awb-font-size:41px;\"><h2 class=\"fusion-title-heading title-heading-center fusion-responsive-typography-calculated\" style=\"font-family:&quot;Estilo Text Light&quot;;font-style:normal;font-weight:400;margin:0;font-size:1em;--fontSize:41;line-height:normal;\">INSCRIPTION<\/h2><\/div><div class=\"fusion-text fusion-text-2\"><p style=\"text-align: center;\">Si vous avez d\u00e9j\u00e0 un compte<br \/>\n<span style=\"text-decoration: underline; color: #fab5bb;\"><strong><a style=\"color: #fab5bb; text-decoration: underline;\" href=\"https:\/\/niji.es\/fr\/login\/\">OUVRIR SESSION<\/a><\/strong><\/span><\/p>\n<\/div><\/div><\/div><div class=\"fusion-layout-column fusion_builder_column fusion-builder-column-1 fusion_builder_column_2_5 2_5 fusion-flex-column\" style=\"--awb-padding-top:50px;--awb-padding-right:50px;--awb-padding-bottom:50px;--awb-padding-left:50px;--awb-padding-top-small:20px;--awb-padding-right-small:20px;--awb-padding-bottom-small:10px;--awb-padding-left-small:20px;--awb-bg-color:#ffffff;--awb-bg-color-hover:#ffffff;--awb-bg-size:cover;--awb-width-large:40%;--awb-margin-top-large:0px;--awb-spacing-right-large:4.8%;--awb-margin-bottom-large:20px;--awb-spacing-left-large:4.8%;--awb-width-medium:40%;--awb-order-medium:0;--awb-spacing-right-medium:4.8%;--awb-spacing-left-medium:4.8%;--awb-width-small:100%;--awb-order-small:0;--awb-spacing-right-small:1.92%;--awb-spacing-left-small:1.92%;\" data-scroll-devices=\"small-visibility,medium-visibility,large-visibility\"><div class=\"fusion-column-wrapper fusion-column-has-shadow fusion-flex-justify-content-flex-start fusion-content-layout-column\"><div class=\"fusion-text fusion-text-3\"><div class=\"registration-form woocommerce\">\r\n\r\n\t\r\n\t<h2>Register<\/h2>\r\n\r\n\t<form method=\"post\" class=\"register\">\r\n\r\n\t\t\t\t<p class=\"woocommerce-FormRow woocommerce-FormRow--first form-row form-row-first\">\r\n\t\t\t<label for=\"reg_sr_firstname\">First Name<\/label>\r\n\t\t\t<input type=\"text\" class=\"woocommerce-Input woocommerce-Input--text input-text\" name=\"sr_firstname\" id=\"reg_sr_firstname\" value=\"\" \/>\r\n\t\t<\/p>\r\n\r\n\t\t<p class=\"woocommerce-FormRow woocommerce-FormRow--last form-row form-row-last\">\r\n\t\t\t<label for=\"reg_sr_lastname\">Last Name<\/label>\r\n\t\t\t<input type=\"text\" class=\"woocommerce-Input woocommerce-Input--text input-text\" name=\"sr_lastname\" id=\"reg_sr_lastname\" value=\"\"  \/>\r\n\t\t<\/p>\r\n\t\t\r\n\t\t\r\n\t\t<p class=\"woocommerce-FormRow woocommerce-FormRow--wide form-row form-row-wide\">\r\n\t\t\t<label for=\"reg_email\">Email address <span class=\"required\">*<\/span><\/label>\r\n\t\t\t<input type=\"email\" class=\"woocommerce-Input woocommerce-Input--text input-text\" name=\"email\" id=\"reg_email\" value=\"\" \/>\r\n\t\t<\/p>\r\n\r\n\t\t\r\n\t\t\t<p class=\"woocommerce-FormRow woocommerce-FormRow--wide form-row form-row-wide\">\r\n\t\t\t\t<label for=\"reg_password\">Password <span class=\"required\">*<\/span><\/label>\r\n\t\t\t\t<input type=\"password\" class=\"woocommerce-Input woocommerce-Input--text input-text\" name=\"password\" id=\"reg_password\" \/>\r\n\t\t\t<\/p>\r\n\r\n\t\t\r\n\t\t<!-- Spam Trap -->\r\n\t\t<div style=\"left: -999em; position: absolute;\"><label for=\"trap\">Anti-spam<\/label><input type=\"text\" name=\"email_2\" id=\"trap\" tabindex=\"-1\" autocomplete=\"off\" \/><\/div>\r\n\r\n\t\t<wc-order-attribution-inputs><\/wc-order-attribution-inputs><div class=\"woocommerce-privacy-policy-text\"><p>Vos donn\u00e9es personnelles seront utilis\u00e9es pour traiter votre commande, am\u00e9liorer votre exp\u00e9rience sur ce site web et \u00e0 d'autres fins d\u00e9crites dans notre <a href=\"https:\/\/niji.es\/politica-privacidad\/\" class=\"woocommerce-privacy-policy-link\" target=\"_blank\">politique de confidentialit\u00e9<\/a>.<\/p>\n<\/div>\t\t\r\n\t\t<p class=\"woocomerce-FormRow form-row\">\r\n\t\t\t<input type=\"hidden\" id=\"woocommerce-register-nonce\" name=\"woocommerce-register-nonce\" value=\"debcb9d132\" \/><input type=\"hidden\" name=\"_wp_http_referer\" value=\"\/fr\/wp-json\/wp\/v2\/pages\/2464\" \/>\t\t\t<input type=\"submit\" class=\"woocommerce-Button button\" name=\"register\" value=\"Register\" \/>\r\n\t\t<\/p>\r\n\r\n\t\t<p class=\"woocommerce-simple-registration-login-link\">\r\n\t\t\t<a href=\"https:\/\/niji.es\/fr\/access2web\/?redirect_to=https%3A%2F%2Fniji.es%2Ffr%2Finscription%2F\">Log in<\/a>\r\n\t\t<\/p>\r\n\r\n\t\t\r\n\t<\/form>\r\n\r\n<\/div>\r\n\n<\/div><\/div><\/div><\/div><\/div>\n","protected":false},"excerpt":{"rendered":"","protected":false},"author":1,"featured_media":0,"parent":0,"menu_order":0,"comment_status":"closed","ping_status":"closed","template":"","meta":{"footnotes":""},"class_list":["post-2464","page","type-page","status-publish","hentry"],"yoast_head":"<!-- This site is optimized with the Yoast SEO plugin v27.2 - https:\/\/yoast.com\/product\/yoast-seo-wordpress\/ -->\n<title>Inscription &#8211; Niji<\/title>\n<meta name=\"robots\" content=\"index, follow, max-snippet:-1, max-image-preview:large, max-video-preview:-1\" \/>\n<link rel=\"canonical\" href=\"https:\/\/niji.es\/fr\/inscription\/\" \/>\n<meta property=\"og:locale\" content=\"fr_FR\" \/>\n<meta property=\"og:type\" content=\"article\" \/>\n<meta property=\"og:title\" content=\"Inscription &#8211; Niji\" \/>\n<meta property=\"og:url\" content=\"https:\/\/niji.es\/fr\/inscription\/\" \/>\n<meta property=\"og:site_name\" content=\"Niji\" \/>\n<meta property=\"article:publisher\" content=\"https:\/\/www.facebook.com\/niji.mochi\/\" \/>\n<meta property=\"article:modified_time\" content=\"2023-07-10T10:01:19+00:00\" \/>\n<meta property=\"og:image\" content=\"https:\/\/niji.es\/wp-content\/uploads\/2021\/02\/elaboracion-mochis.jpg\" \/>\n\t<meta property=\"og:image:width\" content=\"502\" \/>\n\t<meta property=\"og:image:height\" content=\"398\" \/>\n\t<meta property=\"og:image:type\" content=\"image\/jpeg\" \/>\n<meta name=\"twitter:card\" content=\"summary_large_image\" \/>\n<meta name=\"twitter:label1\" content=\"Dur\u00e9e de lecture estim\u00e9e\" \/>\n\t<meta name=\"twitter:data1\" content=\"3 minutes\" \/>\n<script type=\"application\/ld+json\" class=\"yoast-schema-graph\">{\"@context\":\"https:\/\/schema.org\",\"@graph\":[{\"@type\":\"WebPage\",\"@id\":\"https:\/\/niji.es\/fr\/inscription\/\",\"url\":\"https:\/\/niji.es\/fr\/inscription\/\",\"name\":\"Inscription &#8211; Niji\",\"isPartOf\":{\"@id\":\"https:\/\/niji.es\/#website\"},\"datePublished\":\"2023-06-23T09:08:59+00:00\",\"dateModified\":\"2023-07-10T10:01:19+00:00\",\"breadcrumb\":{\"@id\":\"https:\/\/niji.es\/fr\/inscription\/#breadcrumb\"},\"inLanguage\":\"fr-FR\",\"potentialAction\":[{\"@type\":\"ReadAction\",\"target\":[\"https:\/\/niji.es\/fr\/inscription\/\"]}]},{\"@type\":\"BreadcrumbList\",\"@id\":\"https:\/\/niji.es\/fr\/inscription\/#breadcrumb\",\"itemListElement\":[{\"@type\":\"ListItem\",\"position\":1,\"name\":\"Portada\",\"item\":\"https:\/\/niji.es\/fr\/\"},{\"@type\":\"ListItem\",\"position\":2,\"name\":\"Inscription\"}]},{\"@type\":\"WebSite\",\"@id\":\"https:\/\/niji.es\/#website\",\"url\":\"https:\/\/niji.es\/\",\"name\":\"Niji\",\"description\":\"Mochis Japoneses Artesanos\",\"publisher\":{\"@id\":\"https:\/\/niji.es\/#organization\"},\"potentialAction\":[{\"@type\":\"SearchAction\",\"target\":{\"@type\":\"EntryPoint\",\"urlTemplate\":\"https:\/\/niji.es\/?s={search_term_string}\"},\"query-input\":{\"@type\":\"PropertyValueSpecification\",\"valueRequired\":true,\"valueName\":\"search_term_string\"}}],\"inLanguage\":\"fr-FR\"},{\"@type\":\"Organization\",\"@id\":\"https:\/\/niji.es\/#organization\",\"name\":\"Niji\",\"url\":\"https:\/\/niji.es\/\",\"logo\":{\"@type\":\"ImageObject\",\"inLanguage\":\"fr-FR\",\"@id\":\"https:\/\/niji.es\/#\/schema\/logo\/image\/\",\"url\":\"https:\/\/niji.es\/wp-content\/uploads\/2021\/05\/niji-logo.jpg\",\"contentUrl\":\"https:\/\/niji.es\/wp-content\/uploads\/2021\/05\/niji-logo.jpg\",\"width\":250,\"height\":103,\"caption\":\"Niji\"},\"image\":{\"@id\":\"https:\/\/niji.es\/#\/schema\/logo\/image\/\"},\"sameAs\":[\"https:\/\/www.facebook.com\/niji.mochi\/\",\"https:\/\/www.instagram.com\/niji_mochis\/\",\"https:\/\/es.linkedin.com\/company\/niji-handcrafted-japanese-mochis\"]}]}<\/script>\n<!-- \/ Yoast SEO plugin. -->","yoast_head_json":{"title":"Inscription &#8211; Niji","robots":{"index":"index","follow":"follow","max-snippet":"max-snippet:-1","max-image-preview":"max-image-preview:large","max-video-preview":"max-video-preview:-1"},"canonical":"https:\/\/niji.es\/fr\/inscription\/","og_locale":"fr_FR","og_type":"article","og_title":"Inscription &#8211; Niji","og_url":"https:\/\/niji.es\/fr\/inscription\/","og_site_name":"Niji","article_publisher":"https:\/\/www.facebook.com\/niji.mochi\/","article_modified_time":"2023-07-10T10:01:19+00:00","og_image":[{"width":502,"height":398,"url":"https:\/\/niji.es\/wp-content\/uploads\/2021\/02\/elaboracion-mochis.jpg","type":"image\/jpeg"}],"twitter_card":"summary_large_image","twitter_misc":{"Dur\u00e9e de lecture estim\u00e9e":"3 minutes"},"schema":{"@context":"https:\/\/schema.org","@graph":[{"@type":"WebPage","@id":"https:\/\/niji.es\/fr\/inscription\/","url":"https:\/\/niji.es\/fr\/inscription\/","name":"Inscription &#8211; Niji","isPartOf":{"@id":"https:\/\/niji.es\/#website"},"datePublished":"2023-06-23T09:08:59+00:00","dateModified":"2023-07-10T10:01:19+00:00","breadcrumb":{"@id":"https:\/\/niji.es\/fr\/inscription\/#breadcrumb"},"inLanguage":"fr-FR","potentialAction":[{"@type":"ReadAction","target":["https:\/\/niji.es\/fr\/inscription\/"]}]},{"@type":"BreadcrumbList","@id":"https:\/\/niji.es\/fr\/inscription\/#breadcrumb","itemListElement":[{"@type":"ListItem","position":1,"name":"Portada","item":"https:\/\/niji.es\/fr\/"},{"@type":"ListItem","position":2,"name":"Inscription"}]},{"@type":"WebSite","@id":"https:\/\/niji.es\/#website","url":"https:\/\/niji.es\/","name":"Niji","description":"Mochis Japoneses Artesanos","publisher":{"@id":"https:\/\/niji.es\/#organization"},"potentialAction":[{"@type":"SearchAction","target":{"@type":"EntryPoint","urlTemplate":"https:\/\/niji.es\/?s={search_term_string}"},"query-input":{"@type":"PropertyValueSpecification","valueRequired":true,"valueName":"search_term_string"}}],"inLanguage":"fr-FR"},{"@type":"Organization","@id":"https:\/\/niji.es\/#organization","name":"Niji","url":"https:\/\/niji.es\/","logo":{"@type":"ImageObject","inLanguage":"fr-FR","@id":"https:\/\/niji.es\/#\/schema\/logo\/image\/","url":"https:\/\/niji.es\/wp-content\/uploads\/2021\/05\/niji-logo.jpg","contentUrl":"https:\/\/niji.es\/wp-content\/uploads\/2021\/05\/niji-logo.jpg","width":250,"height":103,"caption":"Niji"},"image":{"@id":"https:\/\/niji.es\/#\/schema\/logo\/image\/"},"sameAs":["https:\/\/www.facebook.com\/niji.mochi\/","https:\/\/www.instagram.com\/niji_mochis\/","https:\/\/es.linkedin.com\/company\/niji-handcrafted-japanese-mochis"]}]}},"_links":{"self":[{"href":"https:\/\/niji.es\/fr\/wp-json\/wp\/v2\/pages\/2464","targetHints":{"allow":["GET"]}}],"collection":[{"href":"https:\/\/niji.es\/fr\/wp-json\/wp\/v2\/pages"}],"about":[{"href":"https:\/\/niji.es\/fr\/wp-json\/wp\/v2\/types\/page"}],"author":[{"embeddable":true,"href":"https:\/\/niji.es\/fr\/wp-json\/wp\/v2\/users\/1"}],"replies":[{"embeddable":true,"href":"https:\/\/niji.es\/fr\/wp-json\/wp\/v2\/comments?post=2464"}],"version-history":[{"count":12,"href":"https:\/\/niji.es\/fr\/wp-json\/wp\/v2\/pages\/2464\/revisions"}],"predecessor-version":[{"id":2851,"href":"https:\/\/niji.es\/fr\/wp-json\/wp\/v2\/pages\/2464\/revisions\/2851"}],"wp:attachment":[{"href":"https:\/\/niji.es\/fr\/wp-json\/wp\/v2\/media?parent=2464"}],"curies":[{"name":"wp","href":"https:\/\/api.w.org\/{rel}","templated":true}]}}